{"id":16569,"date":"2025-10-15T14:30:41","date_gmt":"2025-10-15T12:30:41","guid":{"rendered":"https:\/\/www2.mediclinics.com\/product\/papelera-empotrable\/"},"modified":"2026-01-09T06:11:26","modified_gmt":"2026-01-09T05:11:26","slug":"papelera-empotrable","status":"publish","type":"product","link":"https:\/\/www.mediclinics.com\/es-la\/papeleras-contenedores\/papeleras-empotrar-pared\/papelera-empotrable\/","title":{"rendered":"Papelera empotrable"},"content":{"rendered":"<p>Papelera con tapa auto-retorno, para montaje empotrado en la pared.<\/p>\n<p>\u2022 Fabricada en acero inoxidable AISI 304, acabado satinado y una capacidad de 14,2 L.<br \/>\n\u2022 Adecuada para lavabos y \u00e1reas p\u00fablicas interiores de tr\u00e1fico medio-alto. Modelo apto para colectividades.<br \/>\n\u2022 M\u00e1xima robustez y anti-vandalismo.<br \/>\n\u2022 Dispone de un cierre de cilindro que se abre y cierra con llave est\u00e1ndar Mediclinics.<\/p>\n","protected":false},"excerpt":{"rendered":"<p>Papelera para empotrar a la pared, con tapa auto-retorno<\/p>\n","protected":false},"featured_media":16570,"comment_status":"closed","ping_status":"closed","template":"","meta":{"_acf_changed":false},"coleccion":[],"product_brand":[],"product_cat":[931,936],"product_tag":[],"class_list":{"0":"post-16569","1":"product","2":"type-product","3":"status-publish","4":"has-post-thumbnail","6":"mercado-internacional","7":"product_cat-papeleras-contenedores","8":"product_cat-papeleras-empotrar-pared","9":"mediclinics-boxed-content","11":"first","12":"instock","13":"product-type-simple"},"acf":[],"_links":{"self":[{"href":"https:\/\/www.mediclinics.com\/es-la\/wp-json\/wp\/v2\/product\/16569","targetHints":{"allow":["GET"]}}],"collection":[{"href":"https:\/\/www.mediclinics.com\/es-la\/wp-json\/wp\/v2\/product"}],"about":[{"href":"https:\/\/www.mediclinics.com\/es-la\/wp-json\/wp\/v2\/types\/product"}],"replies":[{"embeddable":true,"href":"https:\/\/www.mediclinics.com\/es-la\/wp-json\/wp\/v2\/comments?post=16569"}],"wp:featuredmedia":[{"embeddable":true,"href":"https:\/\/www.mediclinics.com\/es-la\/wp-json\/wp\/v2\/media\/16570"}],"wp:attachment":[{"href":"https:\/\/www.mediclinics.com\/es-la\/wp-json\/wp\/v2\/media?parent=16569"}],"wp:term":[{"taxonomy":"coleccion","embeddable":true,"href":"https:\/\/www.mediclinics.com\/es-la\/wp-json\/wp\/v2\/coleccion?post=16569"},{"taxonomy":"product_brand","embeddable":true,"href":"https:\/\/www.mediclinics.com\/es-la\/wp-json\/wp\/v2\/product_brand?post=16569"},{"taxonomy":"product_cat","embeddable":true,"href":"https:\/\/www.mediclinics.com\/es-la\/wp-json\/wp\/v2\/product_cat?post=16569"},{"taxonomy":"product_tag","embeddable":true,"href":"https:\/\/www.mediclinics.com\/es-la\/wp-json\/wp\/v2\/product_tag?post=16569"}],"curies":[{"name":"wp","href":"https:\/\/api.w.org\/{rel}","templated":true}]}}