{"id":16571,"date":"2025-10-15T14:30:41","date_gmt":"2025-10-15T12:30:41","guid":{"rendered":"https:\/\/www2.mediclinics.com\/product\/papelera-abierta-de-12l-acero-epoxi\/"},"modified":"2026-01-09T06:11:26","modified_gmt":"2026-01-09T05:11:26","slug":"papelera-abierta-12l-acero-epoxi","status":"publish","type":"product","link":"https:\/\/www.mediclinics.com\/es-la\/papeleras-contenedores\/papeleras\/papelera-abierta-12l-acero-epoxi\/","title":{"rendered":"Papelera abierta de 12L acero epoxi"},"content":{"rendered":"<p>Papelera con aro de pl\u00e1stico para sujetar la bolsa, de acero inoxidable AISI 304.<\/p>\n<p>\u2022 Dise\u00f1o actual y de vanguardia, concebido para tener una larga vida \u00fatil y ser anti-vand\u00e1lico.<br \/>\n\u2022 Totalmente soldada, con las esquinas de trazo continuo y libre de rebabas y zonas cortantes.<br \/>\n\u2022 Adecuada para interiores, de tr\u00e1fico medio. Modelo apto para colectividades.<br \/>\n\u2022 Puede apoyarse en el suelo o adosarse a la pared mediante 4 tornillos y tacos. Torniller\u00eda no suministrada.<\/p>\n","protected":false},"excerpt":{"rendered":"<p>Cubo sanitario para interior de 12L abierta<\/p>\n","protected":false},"featured_media":16573,"comment_status":"closed","ping_status":"closed","template":"","meta":{"_acf_changed":false},"coleccion":[],"product_brand":[],"product_cat":[931,932],"product_tag":[942],"class_list":{"0":"post-16571","1":"product","2":"type-product","3":"status-publish","4":"has-post-thumbnail","6":"mercado-internacional","7":"product_cat-papeleras-contenedores","8":"product_cat-papeleras","9":"product_tag-12-18l","10":"mediclinics-boxed-content","12":"first","13":"instock","14":"product-type-variable"},"acf":[],"_links":{"self":[{"href":"https:\/\/www.mediclinics.com\/es-la\/wp-json\/wp\/v2\/product\/16571","targetHints":{"allow":["GET"]}}],"collection":[{"href":"https:\/\/www.mediclinics.com\/es-la\/wp-json\/wp\/v2\/product"}],"about":[{"href":"https:\/\/www.mediclinics.com\/es-la\/wp-json\/wp\/v2\/types\/product"}],"replies":[{"embeddable":true,"href":"https:\/\/www.mediclinics.com\/es-la\/wp-json\/wp\/v2\/comments?post=16571"}],"wp:featuredmedia":[{"embeddable":true,"href":"https:\/\/www.mediclinics.com\/es-la\/wp-json\/wp\/v2\/media\/16573"}],"wp:attachment":[{"href":"https:\/\/www.mediclinics.com\/es-la\/wp-json\/wp\/v2\/media?parent=16571"}],"wp:term":[{"taxonomy":"coleccion","embeddable":true,"href":"https:\/\/www.mediclinics.com\/es-la\/wp-json\/wp\/v2\/coleccion?post=16571"},{"taxonomy":"product_brand","embeddable":true,"href":"https:\/\/www.mediclinics.com\/es-la\/wp-json\/wp\/v2\/product_brand?post=16571"},{"taxonomy":"product_cat","embeddable":true,"href":"https:\/\/www.mediclinics.com\/es-la\/wp-json\/wp\/v2\/product_cat?post=16571"},{"taxonomy":"product_tag","embeddable":true,"href":"https:\/\/www.mediclinics.com\/es-la\/wp-json\/wp\/v2\/product_tag?post=16571"}],"curies":[{"name":"wp","href":"https:\/\/api.w.org\/{rel}","templated":true}]}}