{"id":16579,"date":"2025-10-15T14:30:52","date_gmt":"2025-10-15T12:30:52","guid":{"rendered":"https:\/\/www2.mediclinics.com\/product\/cubo-a-pedal-cuadrado-de-6l\/"},"modified":"2026-01-09T06:11:27","modified_gmt":"2026-01-09T05:11:27","slug":"cubo-pedal-cuadrado-6l","status":"publish","type":"product","link":"https:\/\/www.mediclinics.com\/es-la\/papeleras-contenedores\/cubos-pedal\/cubo-pedal-cuadrado-6l\/","title":{"rendered":"Cubo a pedal cuadrado de 6L"},"content":{"rendered":"<p>Cubos sanitarios cuadrados para interior, de 6 L de capacidad, accionados mediante pedal.<\/p>\n<p>\u2022 Provistos de un sistema de cierre suave que hace que la tapa se cierre suave y silenciosamente.<br \/>\n\u2022 Cierre a prueba de olores.<br \/>\n\u2022 Funcionamiento del pedal muy ligero.<br \/>\n\u2022 Disponen de un asa en la parte trasera para poder mover el cubo c\u00f3modamente.<br \/>\n\u2022 Muy f\u00e1ciles de vaciar y limpiar gracias a su cubo interior de pl\u00e1stico extra\u00edble<\/p>\n","protected":false},"excerpt":{"rendered":"<p>Cubo sanitario cuadrado para interior, accionado mediante pedal<\/p>\n","protected":false},"featured_media":16580,"comment_status":"closed","ping_status":"closed","template":"","meta":{"_acf_changed":false},"coleccion":[],"product_brand":[],"product_cat":[931,937],"product_tag":[941],"class_list":{"0":"post-16579","1":"product","2":"type-product","3":"status-publish","4":"has-post-thumbnail","6":"mercado-internacional","7":"product_cat-papeleras-contenedores","8":"product_cat-cubos-pedal","9":"product_tag-cuadrado","10":"mediclinics-boxed-content","12":"first","13":"instock","14":"product-type-variable"},"acf":[],"_links":{"self":[{"href":"https:\/\/www.mediclinics.com\/es-la\/wp-json\/wp\/v2\/product\/16579","targetHints":{"allow":["GET"]}}],"collection":[{"href":"https:\/\/www.mediclinics.com\/es-la\/wp-json\/wp\/v2\/product"}],"about":[{"href":"https:\/\/www.mediclinics.com\/es-la\/wp-json\/wp\/v2\/types\/product"}],"replies":[{"embeddable":true,"href":"https:\/\/www.mediclinics.com\/es-la\/wp-json\/wp\/v2\/comments?post=16579"}],"wp:featuredmedia":[{"embeddable":true,"href":"https:\/\/www.mediclinics.com\/es-la\/wp-json\/wp\/v2\/media\/16580"}],"wp:attachment":[{"href":"https:\/\/www.mediclinics.com\/es-la\/wp-json\/wp\/v2\/media?parent=16579"}],"wp:term":[{"taxonomy":"coleccion","embeddable":true,"href":"https:\/\/www.mediclinics.com\/es-la\/wp-json\/wp\/v2\/coleccion?post=16579"},{"taxonomy":"product_brand","embeddable":true,"href":"https:\/\/www.mediclinics.com\/es-la\/wp-json\/wp\/v2\/product_brand?post=16579"},{"taxonomy":"product_cat","embeddable":true,"href":"https:\/\/www.mediclinics.com\/es-la\/wp-json\/wp\/v2\/product_cat?post=16579"},{"taxonomy":"product_tag","embeddable":true,"href":"https:\/\/www.mediclinics.com\/es-la\/wp-json\/wp\/v2\/product_tag?post=16579"}],"curies":[{"name":"wp","href":"https:\/\/api.w.org\/{rel}","templated":true}]}}