{"id":33530,"date":"2026-02-20T10:06:06","date_gmt":"2026-02-20T09:06:06","guid":{"rendered":"https:\/\/www.mediclinics.com\/?post_type=product&#038;p=33530"},"modified":"2026-02-20T11:04:15","modified_gmt":"2026-02-20T10:04:15","slug":"secador-de-manos-con-sensor-speedflow","status":"publish","type":"product","link":"https:\/\/www.mediclinics.com\/es-la\/secadores-manos\/eco-rapidos\/secador-de-manos-con-sensor-speedflow\/","title":{"rendered":"Secador de manos con sensor Speedflow"},"content":{"rendered":"<p>La l\u00ednea de secadores de manos Speedflow\u00ae se clasifica dentro de la gama de productos ecol\u00f3gicos r\u00e1pidos, pero con el valor a\u00f1adido de cumplir con los requisitos de la ADAAG en materia de accesibilidad de los ba\u00f1os p\u00fablicos. Esta normativa exige que la profundidad del secador no supere los 100 mm para facilitar el acceso y el movimiento de las personas discapacitadas en el ba\u00f1o.<\/p>\n<ul>\n<li>Secador de manos de aire caliente.<\/li>\n<li>Funcionamiento por sensor.<\/li>\n<li>M\u00e1xima potencia y flujo de aire.<\/li>\n<li>M\u00e1xima robustez y resistencia al vandalismo.<\/li>\n<li>Adecuado para instalaciones con mucho tr\u00e1fico.<\/li>\n<li>Cumple con los requisitos de la ADA para ba\u00f1os sin barreras.<\/li>\n<\/ul>\n","protected":false},"excerpt":{"rendered":"<p>La l\u00ednea de secadores de manos Speedflow\u00ae se clasifica dentro de la gama de productos ecol\u00f3gicos r\u00e1pidos, pero con el valor a\u00f1adido de cumplir con los requisitos de la ADAAG en materia de accesibilidad de los ba\u00f1os p\u00fablicos. Esta normativa exige que la profundidad del secador no supere los 100 mm para facilitar el acceso <a href=\"https:\/\/www.mediclinics.com\/es-la\/secadores-manos\/eco-rapidos\/secador-de-manos-con-sensor-speedflow\/\" class=\"more-link\">&#8230;<span class=\"screen-reader-text\">  Secador de manos con sensor Speedflow<\/span><\/a><\/p>\n","protected":false},"featured_media":15712,"comment_status":"open","ping_status":"closed","template":"","meta":{"_acf_changed":false},"coleccion":[],"product_brand":[],"product_cat":[888,895,889],"product_tag":[],"class_list":{"0":"post-33530","1":"product","2":"type-product","3":"status-publish","4":"has-post-thumbnail","6":"product_cat-secadores-manos","7":"product_cat-eco-rapidos","8":"product_cat-frecuencia-paso-alta","9":"mediclinics-boxed-content","11":"first","12":"instock","13":"shipping-taxable","14":"purchasable","15":"product-type-variable"},"acf":[],"_links":{"self":[{"href":"https:\/\/www.mediclinics.com\/es-la\/wp-json\/wp\/v2\/product\/33530","targetHints":{"allow":["GET"]}}],"collection":[{"href":"https:\/\/www.mediclinics.com\/es-la\/wp-json\/wp\/v2\/product"}],"about":[{"href":"https:\/\/www.mediclinics.com\/es-la\/wp-json\/wp\/v2\/types\/product"}],"replies":[{"embeddable":true,"href":"https:\/\/www.mediclinics.com\/es-la\/wp-json\/wp\/v2\/comments?post=33530"}],"wp:featuredmedia":[{"embeddable":true,"href":"https:\/\/www.mediclinics.com\/es-la\/wp-json\/wp\/v2\/media\/15712"}],"wp:attachment":[{"href":"https:\/\/www.mediclinics.com\/es-la\/wp-json\/wp\/v2\/media?parent=33530"}],"wp:term":[{"taxonomy":"coleccion","embeddable":true,"href":"https:\/\/www.mediclinics.com\/es-la\/wp-json\/wp\/v2\/coleccion?post=33530"},{"taxonomy":"product_brand","embeddable":true,"href":"https:\/\/www.mediclinics.com\/es-la\/wp-json\/wp\/v2\/product_brand?post=33530"},{"taxonomy":"product_cat","embeddable":true,"href":"https:\/\/www.mediclinics.com\/es-la\/wp-json\/wp\/v2\/product_cat?post=33530"},{"taxonomy":"product_tag","embeddable":true,"href":"https:\/\/www.mediclinics.com\/es-la\/wp-json\/wp\/v2\/product_tag?post=33530"}],"curies":[{"name":"wp","href":"https:\/\/api.w.org\/{rel}","templated":true}]}}