{"id":33831,"date":"2026-02-26T17:46:31","date_gmt":"2026-02-26T16:46:31","guid":{"rendered":"https:\/\/www.mediclinics.com\/?post_type=product&#038;p=33831"},"modified":"2026-03-03T11:07:41","modified_gmt":"2026-03-03T10:07:41","slug":"dispensador-manual-de-jabon-liquido","status":"publish","type":"product","link":"https:\/\/www.mediclinics.com\/es-la\/dispensadores-jabon\/manual\/dispensador-manual-de-jabon-liquido\/","title":{"rendered":"Dispensador manual de jab\u00f3n l\u00edquido"},"content":{"rendered":"<p>Dispensador de jab\u00f3n l\u00edquido con capacidad para 1,5 litros, fabricado en acero inoxidable AISI 304 de 0,8 mm de espesor, para instalar directamente en la pared y accionar manualmente mediante un<br \/>\nbot\u00f3n pulsador.<\/p>\n<p>Disponibles en cuatro acabados (blanco, negro, brillante y satinado), estos modelos de dispensadores de jab\u00f3n tienen un dise\u00f1o funcional, robusto y moderno que combina con la nueva gama de<br \/>\naccesorios de ba\u00f1o de Mediclinics.<\/p>\n<p>Adecuados para instalaciones de alto tr\u00e1fico y para uso p\u00fablico.<\/p>\n<p>&nbsp;<\/p>\n","protected":false},"excerpt":{"rendered":"<p>Dispensador de jab\u00f3n l\u00edquido con capacidad para 1,5 litros, fabricado en acero inoxidable AISI 304 de 0,8 mm de espesor, para instalar directamente en la pared y accionar manualmente mediante un bot\u00f3n pulsador. Disponibles en cuatro acabados (blanco, negro, brillante y satinado), estos modelos de dispensadores de jab\u00f3n tienen un dise\u00f1o funcional, robusto y moderno <a href=\"https:\/\/www.mediclinics.com\/es-la\/dispensadores-jabon\/manual\/dispensador-manual-de-jabon-liquido\/\" class=\"more-link\">&#8230;<span class=\"screen-reader-text\">  Dispensador manual de jab\u00f3n l\u00edquido<\/span><\/a><\/p>\n","protected":false},"featured_media":33830,"comment_status":"open","ping_status":"closed","template":"","meta":{"_acf_changed":false},"coleccion":[],"product_brand":[],"product_cat":[869,870],"product_tag":[],"class_list":{"0":"post-33831","1":"product","2":"type-product","3":"status-publish","4":"has-post-thumbnail","6":"product_cat-dispensadores-jabon","7":"product_cat-manual","8":"mediclinics-boxed-content","10":"first","11":"outofstock","12":"shipping-taxable","13":"product-type-variable"},"acf":[],"_links":{"self":[{"href":"https:\/\/www.mediclinics.com\/es-la\/wp-json\/wp\/v2\/product\/33831","targetHints":{"allow":["GET"]}}],"collection":[{"href":"https:\/\/www.mediclinics.com\/es-la\/wp-json\/wp\/v2\/product"}],"about":[{"href":"https:\/\/www.mediclinics.com\/es-la\/wp-json\/wp\/v2\/types\/product"}],"replies":[{"embeddable":true,"href":"https:\/\/www.mediclinics.com\/es-la\/wp-json\/wp\/v2\/comments?post=33831"}],"wp:featuredmedia":[{"embeddable":true,"href":"https:\/\/www.mediclinics.com\/es-la\/wp-json\/wp\/v2\/media\/33830"}],"wp:attachment":[{"href":"https:\/\/www.mediclinics.com\/es-la\/wp-json\/wp\/v2\/media?parent=33831"}],"wp:term":[{"taxonomy":"coleccion","embeddable":true,"href":"https:\/\/www.mediclinics.com\/es-la\/wp-json\/wp\/v2\/coleccion?post=33831"},{"taxonomy":"product_brand","embeddable":true,"href":"https:\/\/www.mediclinics.com\/es-la\/wp-json\/wp\/v2\/product_brand?post=33831"},{"taxonomy":"product_cat","embeddable":true,"href":"https:\/\/www.mediclinics.com\/es-la\/wp-json\/wp\/v2\/product_cat?post=33831"},{"taxonomy":"product_tag","embeddable":true,"href":"https:\/\/www.mediclinics.com\/es-la\/wp-json\/wp\/v2\/product_tag?post=33831"}],"curies":[{"name":"wp","href":"https:\/\/api.w.org\/{rel}","templated":true}]}}