{"id":33922,"date":"2025-10-15T14:31:52","date_gmt":"2025-10-15T12:31:52","guid":{"rendered":"https:\/\/www.mediclinics.com\/?post_type=product&#038;p=33922"},"modified":"2026-03-03T12:33:42","modified_gmt":"2026-03-03T11:33:42","slug":"rellena-vasos-de-agua-de-red-a-pared-de-acero-inoxidable","status":"publish","type":"product","link":"https:\/\/www.mediclinics.com\/es-la\/fuentes-surtidores-agua\/surtidores-agua-red\/rellena-vasos-de-agua-de-red-a-pared-de-acero-inoxidable\/","title":{"rendered":"Rellena vasos de agua de red a pared de acero inoxidable"},"content":{"rendered":"<p>Rellena vasos de agua potable de red no refrigerada para adosar a la pared, acabado satinado.<br \/>\n\u2022 Fabricada con acero inoxidable AISI 304 bacteriost\u00e1tico, de 1,2 mm de espesor.<br \/>\n\u2022 Ideal para espacios p\u00fablicos interiores y exteriores. Resistente y duradero.<br \/>\n\u2022 F\u00e1cil conexi\u00f3n a red potable con suministro constante. Cubeta contorneada anti-salpicaduras y m\u00e1xima higiene.<br \/>\n\u2022 Surtidor lat\u00f3n cromado M3\/8&#8221;, cierre instant\u00e1neo, flujo ajustable. Desag\u00fce plano antivand\u00e1lico.<br \/>\n\u2022 V\u00e1lvula horizontal empotrada \u00d8 1\u00bc&#8221;. Incluye fijaciones y latiguillo flexible 3\/8\u201d.<\/p>\n","protected":false},"excerpt":{"rendered":"<p>Rellena vasos antivand\u00e1lico de pared, en acero inoxidable AISI 304 bacteriost\u00e1tico satinado, apto para interior y exterior<\/p>\n","protected":false},"featured_media":22033,"comment_status":"closed","ping_status":"closed","template":"","meta":{"_acf_changed":false},"coleccion":[],"product_brand":[],"product_cat":[902,903],"product_tag":[],"class_list":{"0":"post-33922","1":"product","2":"type-product","3":"status-publish","4":"has-post-thumbnail","6":"product_cat-fuentes-surtidores-agua","7":"product_cat-surtidores-agua-red","8":"mediclinics-boxed-content","10":"first","11":"instock","12":"product-type-simple"},"acf":[],"_links":{"self":[{"href":"https:\/\/www.mediclinics.com\/es-la\/wp-json\/wp\/v2\/product\/33922","targetHints":{"allow":["GET"]}}],"collection":[{"href":"https:\/\/www.mediclinics.com\/es-la\/wp-json\/wp\/v2\/product"}],"about":[{"href":"https:\/\/www.mediclinics.com\/es-la\/wp-json\/wp\/v2\/types\/product"}],"replies":[{"embeddable":true,"href":"https:\/\/www.mediclinics.com\/es-la\/wp-json\/wp\/v2\/comments?post=33922"}],"wp:featuredmedia":[{"embeddable":true,"href":"https:\/\/www.mediclinics.com\/es-la\/wp-json\/wp\/v2\/media\/22033"}],"wp:attachment":[{"href":"https:\/\/www.mediclinics.com\/es-la\/wp-json\/wp\/v2\/media?parent=33922"}],"wp:term":[{"taxonomy":"coleccion","embeddable":true,"href":"https:\/\/www.mediclinics.com\/es-la\/wp-json\/wp\/v2\/coleccion?post=33922"},{"taxonomy":"product_brand","embeddable":true,"href":"https:\/\/www.mediclinics.com\/es-la\/wp-json\/wp\/v2\/product_brand?post=33922"},{"taxonomy":"product_cat","embeddable":true,"href":"https:\/\/www.mediclinics.com\/es-la\/wp-json\/wp\/v2\/product_cat?post=33922"},{"taxonomy":"product_tag","embeddable":true,"href":"https:\/\/www.mediclinics.com\/es-la\/wp-json\/wp\/v2\/product_tag?post=33922"}],"curies":[{"name":"wp","href":"https:\/\/api.w.org\/{rel}","templated":true}]}}