{"id":26824,"date":"2025-10-15T14:30:22","date_gmt":"2025-10-15T12:30:22","guid":{"rendered":"https:\/\/www.mediclinics.com\/senza-categoria\/mediclinics-all-in-one-wall-unit\/"},"modified":"2026-04-08T13:30:38","modified_gmt":"2026-04-08T11:30:38","slug":"mediclinics-all-in-one-a-parete","status":"publish","type":"product","link":"https:\/\/www.mediclinics.com\/it\/unita-di-lavaggio-e-asciugatura\/a-muro\/mediclinics-all-in-one-a-parete\/","title":{"rendered":"Mediclinics All-in-One a parete"},"content":{"rendered":"<p>Mediclinics\u00ae All-in-One \u00e8 un&#8217;unit\u00e0 integrata di lavaggio e asciugatura delle mani da parete, composta da tre elementi: un asciugamani ad aria automatico, un rubinetto automatico dell&#8217;acqua e un dispenser automatico di sapone.<\/p>\n<p>\u2022 Mediclinics\u00ae All-in-One \u00e8 stato pensato e progettato per evitare schizzi d&#8217;acqua sul pavimento del bagno, risparmiare spazio e ridurre il tempo di permanenza all&#8217;interno del bagno.<\/p>\n<p>\u2022 Progettate tenendo conto sia dell&#8217;estetica che delle prestazioni, le soluzioni All-in-One di Mediclinics\u00ae sono pura eleganza ed efficienza. Con un design chic, caratterizzato da linee pulite e curve eleganti, e una grande funzionalit\u00e0, queste stazioni di lavaggio e asciugatura rompono tutti gli schemi prestabiliti.<\/p>\n<p>\u2022 Le soluzioni All-in-One di Mediclinics\u00ae sono ecologiche e consentono un risparmio economico superiore al 73% rispetto a soluzioni simili presenti sul mercato.<\/p>\n<p>\u2022 Integra di serie il sistema plug-in che garantisce un\u2019installazione rapida e una manutenzione semplice.<\/p>\n<p>\u2022 All-in-One \u00e8 molto igienico, poich\u00e9 \u00e8 dotato di un filtro HEPA e della tecnologia \u201cIon Hygienic\u00ae\u201d, che puliscono e purificano l\u2019aria.<\/p>\n","protected":false},"excerpt":{"rendered":"<p>Mediclinics All-in-One da parete<\/p>\n","protected":false},"featured_media":21864,"comment_status":"closed","ping_status":"closed","template":"","meta":{"_acf_changed":false},"coleccion":[819,415],"product_brand":[],"product_cat":[960,959],"product_tag":[],"class_list":{"0":"post-26824","1":"product","2":"type-product","3":"status-publish","4":"has-post-thumbnail","6":"coleccion-contract","7":"coleccion-elegant","8":"mercado-internacional","9":"product_cat-a-muro","10":"product_cat-unita-di-lavaggio-e-asciugatura","11":"mediclinics-boxed-content","13":"first","14":"instock","15":"product-type-variable"},"acf":[],"_links":{"self":[{"href":"https:\/\/www.mediclinics.com\/it\/wp-json\/wp\/v2\/product\/26824","targetHints":{"allow":["GET"]}}],"collection":[{"href":"https:\/\/www.mediclinics.com\/it\/wp-json\/wp\/v2\/product"}],"about":[{"href":"https:\/\/www.mediclinics.com\/it\/wp-json\/wp\/v2\/types\/product"}],"replies":[{"embeddable":true,"href":"https:\/\/www.mediclinics.com\/it\/wp-json\/wp\/v2\/comments?post=26824"}],"wp:featuredmedia":[{"embeddable":true,"href":"https:\/\/www.mediclinics.com\/it\/wp-json\/wp\/v2\/media\/21864"}],"wp:attachment":[{"href":"https:\/\/www.mediclinics.com\/it\/wp-json\/wp\/v2\/media?parent=26824"}],"wp:term":[{"taxonomy":"coleccion","embeddable":true,"href":"https:\/\/www.mediclinics.com\/it\/wp-json\/wp\/v2\/coleccion?post=26824"},{"taxonomy":"product_brand","embeddable":true,"href":"https:\/\/www.mediclinics.com\/it\/wp-json\/wp\/v2\/product_brand?post=26824"},{"taxonomy":"product_cat","embeddable":true,"href":"https:\/\/www.mediclinics.com\/it\/wp-json\/wp\/v2\/product_cat?post=26824"},{"taxonomy":"product_tag","embeddable":true,"href":"https:\/\/www.mediclinics.com\/it\/wp-json\/wp\/v2\/product_tag?post=26824"}],"curies":[{"name":"wp","href":"https:\/\/api.w.org\/{rel}","templated":true}]}}