{"id":32962,"date":"2026-02-05T09:29:06","date_gmt":"2026-02-05T08:29:06","guid":{"rendered":"https:\/\/www.mediclinics.com\/?post_type=product&#038;p=32962"},"modified":"2026-03-23T09:51:47","modified_gmt":"2026-03-23T08:51:47","slug":"supporto-doccia-per-barre-dritte","status":"publish","type":"product","link":"https:\/\/www.mediclinics.com\/it\/maniglie-di-sostegno\/acciaio-vernice-epossidica\/serie-mediepoxi\/supporto-doccia-per-barre-dritte\/","title":{"rendered":"Supporto doccia per barre dritte"},"content":{"rendered":"<p>Supporto per doccia, progettato per essere montato su barre di \u00d830-32 mm.<br \/>\n\u2022 Facile da installare.<br \/>\n\u2022 Possibilit\u00e0 di installazione una volta che la barra \u00e8 gi\u00e0 stata fissata alla parete.<\/p>\n","protected":false},"excerpt":{"rendered":"<p>Supporto per doccia, progettato per essere montato su barre di \u00d830-32 mm. \u2022 Facile da installare. \u2022 Possibilit\u00e0 di installazione una volta che la barra \u00e8 gi\u00e0 stata fissata alla parete.<\/p>\n","protected":false},"featured_media":32971,"comment_status":"closed","ping_status":"closed","template":"","meta":{"_acf_changed":false},"coleccion":[],"product_brand":[],"product_cat":[1010,1006,1014],"product_tag":[1066],"class_list":{"0":"post-32962","1":"product","2":"type-product","3":"status-publish","4":"has-post-thumbnail","6":"product_cat-acciaio-vernice-epossidica","7":"product_cat-maniglie-di-sostegno","8":"product_cat-serie-mediepoxi","9":"product_tag-accessori","10":"mediclinics-boxed-content","12":"first","13":"instock","14":"product-type-variable"},"acf":[],"_links":{"self":[{"href":"https:\/\/www.mediclinics.com\/it\/wp-json\/wp\/v2\/product\/32962","targetHints":{"allow":["GET"]}}],"collection":[{"href":"https:\/\/www.mediclinics.com\/it\/wp-json\/wp\/v2\/product"}],"about":[{"href":"https:\/\/www.mediclinics.com\/it\/wp-json\/wp\/v2\/types\/product"}],"replies":[{"embeddable":true,"href":"https:\/\/www.mediclinics.com\/it\/wp-json\/wp\/v2\/comments?post=32962"}],"wp:featuredmedia":[{"embeddable":true,"href":"https:\/\/www.mediclinics.com\/it\/wp-json\/wp\/v2\/media\/32971"}],"wp:attachment":[{"href":"https:\/\/www.mediclinics.com\/it\/wp-json\/wp\/v2\/media?parent=32962"}],"wp:term":[{"taxonomy":"coleccion","embeddable":true,"href":"https:\/\/www.mediclinics.com\/it\/wp-json\/wp\/v2\/coleccion?post=32962"},{"taxonomy":"product_brand","embeddable":true,"href":"https:\/\/www.mediclinics.com\/it\/wp-json\/wp\/v2\/product_brand?post=32962"},{"taxonomy":"product_cat","embeddable":true,"href":"https:\/\/www.mediclinics.com\/it\/wp-json\/wp\/v2\/product_cat?post=32962"},{"taxonomy":"product_tag","embeddable":true,"href":"https:\/\/www.mediclinics.com\/it\/wp-json\/wp\/v2\/product_tag?post=32962"}],"curies":[{"name":"wp","href":"https:\/\/api.w.org\/{rel}","templated":true}]}}